{"id":108,"date":"2022-04-12T09:49:32","date_gmt":"2022-04-12T09:49:32","guid":{"rendered":"https:\/\/sagipetertamas.hu\/?page_id=108"},"modified":"2023-04-20T19:41:22","modified_gmt":"2023-04-20T19:41:22","slug":"targy","status":"publish","type":"page","link":"https:\/\/sagipetertamas.hu\/?page_id=108","title":{"rendered":"T\u00e1rgy\/Gasztro"},"content":{"rendered":"\n<p class=\"has-text-align-center\">T\u00e1rgy, gasztro \u00e9s makr\u00f3fot\u00f3k term\u00e9szetes k\u00f6rnyezetben vagy mesters\u00e9ges f\u00e9ny alatt, kontroll\u00e1lt k\u00f6rnyezetben. <\/p>\n\n\n\n<div class=\"wp-block-image\"><figure class=\"aligncenter size-large\"><img loading=\"lazy\" width=\"1024\" height=\"683\" src=\"https:\/\/sagipetertamas.hu\/wp-content\/uploads\/2023\/04\/IMG_4686-1-1024x683.jpg\" alt=\"\" class=\"wp-image-292\" srcset=\"https:\/\/sagipetertamas.hu\/wp-content\/uploads\/2023\/04\/IMG_4686-1-1024x683.jpg 1024w, https:\/\/sagipetertamas.hu\/wp-content\/uploads\/2023\/04\/IMG_4686-1-300x200.jpg 300w, https:\/\/sagipetertamas.hu\/wp-content\/uploads\/2023\/04\/IMG_4686-1-768x512.jpg 768w, https:\/\/sagipetertamas.hu\/wp-content\/uploads\/2023\/04\/IMG_4686-1-1536x1024.jpg 1536w, https:\/\/sagipetertamas.hu\/wp-content\/uploads\/2023\/04\/IMG_4686-1-2048x1366.jpg 2048w, https:\/\/sagipetertamas.hu\/wp-content\/uploads\/2023\/04\/IMG_4686-1-900x600.jpg 900w, https:\/\/sagipetertamas.hu\/wp-content\/uploads\/2023\/04\/IMG_4686-1-500x333.jpg 500w\" sizes=\"(max-width: 1024px) 100vw, 1024px\" \/><\/figure><\/div>\n\n\n\n<div class=\"wp-block-image\"><figure class=\"aligncenter size-large\"><img loading=\"lazy\" width=\"1024\" height=\"683\" src=\"https:\/\/sagipetertamas.hu\/wp-content\/uploads\/2023\/04\/IMG_9994-2-1024x683.jpg\" alt=\"\" class=\"wp-image-291\" srcset=\"https:\/\/sagipetertamas.hu\/wp-content\/uploads\/2023\/04\/IMG_9994-2-1024x683.jpg 1024w, https:\/\/sagipetertamas.hu\/wp-content\/uploads\/2023\/04\/IMG_9994-2-300x200.jpg 300w, https:\/\/sagipetertamas.hu\/wp-content\/uploads\/2023\/04\/IMG_9994-2-768x512.jpg 768w, https:\/\/sagipetertamas.hu\/wp-content\/uploads\/2023\/04\/IMG_9994-2-1536x1024.jpg 1536w, https:\/\/sagipetertamas.hu\/wp-content\/uploads\/2023\/04\/IMG_9994-2-2048x1366.jpg 2048w, https:\/\/sagipetertamas.hu\/wp-content\/uploads\/2023\/04\/IMG_9994-2-900x600.jpg 900w, https:\/\/sagipetertamas.hu\/wp-content\/uploads\/2023\/04\/IMG_9994-2-500x333.jpg 500w\" sizes=\"(max-width: 1024px) 100vw, 1024px\" \/><\/figure><\/div>\n\n\n\n<div class=\"wp-block-image\"><figure class=\"aligncenter size-large\"><img loading=\"lazy\" width=\"1024\" height=\"683\" src=\"https:\/\/sagipetertamas.hu\/wp-content\/uploads\/2022\/04\/IMG_0767-2-copy-1-1024x683.jpg\" alt=\"\" class=\"wp-image-109\" srcset=\"https:\/\/sagipetertamas.hu\/wp-content\/uploads\/2022\/04\/IMG_0767-2-copy-1-1024x683.jpg 1024w, https:\/\/sagipetertamas.hu\/wp-content\/uploads\/2022\/04\/IMG_0767-2-copy-1-300x200.jpg 300w, https:\/\/sagipetertamas.hu\/wp-content\/uploads\/2022\/04\/IMG_0767-2-copy-1-768x512.jpg 768w, https:\/\/sagipetertamas.hu\/wp-content\/uploads\/2022\/04\/IMG_0767-2-copy-1-1536x1024.jpg 1536w, https:\/\/sagipetertamas.hu\/wp-content\/uploads\/2022\/04\/IMG_0767-2-copy-1-2048x1365.jpg 2048w, https:\/\/sagipetertamas.hu\/wp-content\/uploads\/2022\/04\/IMG_0767-2-copy-1-900x600.jpg 900w, https:\/\/sagipetertamas.hu\/wp-content\/uploads\/2022\/04\/IMG_0767-2-copy-1-500x333.jpg 500w\" sizes=\"(max-width: 1024px) 100vw, 1024px\" \/><\/figure><\/div>\n\n\n\n<div class=\"wp-block-image\"><figure class=\"aligncenter size-large\"><img loading=\"lazy\" width=\"683\" height=\"1024\" src=\"https:\/\/sagipetertamas.hu\/wp-content\/uploads\/2023\/04\/IMG_0285-683x1024.jpg\" alt=\"\" class=\"wp-image-289\" srcset=\"https:\/\/sagipetertamas.hu\/wp-content\/uploads\/2023\/04\/IMG_0285-683x1024.jpg 683w, https:\/\/sagipetertamas.hu\/wp-content\/uploads\/2023\/04\/IMG_0285-200x300.jpg 200w, https:\/\/sagipetertamas.hu\/wp-content\/uploads\/2023\/04\/IMG_0285-768x1152.jpg 768w, https:\/\/sagipetertamas.hu\/wp-content\/uploads\/2023\/04\/IMG_0285-1024x1536.jpg 1024w, https:\/\/sagipetertamas.hu\/wp-content\/uploads\/2023\/04\/IMG_0285-1366x2048.jpg 1366w, https:\/\/sagipetertamas.hu\/wp-content\/uploads\/2023\/04\/IMG_0285-900x1350.jpg 900w, https:\/\/sagipetertamas.hu\/wp-content\/uploads\/2023\/04\/IMG_0285-500x750.jpg 500w, https:\/\/sagipetertamas.hu\/wp-content\/uploads\/2023\/04\/IMG_0285.jpg 1707w\" sizes=\"(max-width: 683px) 100vw, 683px\" \/><\/figure><\/div>\n\n\n\n<div class=\"wp-block-image\"><figure class=\"aligncenter size-large\"><img loading=\"lazy\" width=\"1024\" height=\"683\" src=\"https:\/\/sagipetertamas.hu\/wp-content\/uploads\/2022\/05\/IMG_4037-1024x683.jpg\" alt=\"\" class=\"wp-image-279\" srcset=\"https:\/\/sagipetertamas.hu\/wp-content\/uploads\/2022\/05\/IMG_4037-1024x683.jpg 1024w, https:\/\/sagipetertamas.hu\/wp-content\/uploads\/2022\/05\/IMG_4037-300x200.jpg 300w, https:\/\/sagipetertamas.hu\/wp-content\/uploads\/2022\/05\/IMG_4037-768x512.jpg 768w, https:\/\/sagipetertamas.hu\/wp-content\/uploads\/2022\/05\/IMG_4037-1536x1024.jpg 1536w, https:\/\/sagipetertamas.hu\/wp-content\/uploads\/2022\/05\/IMG_4037-2048x1365.jpg 2048w, https:\/\/sagipetertamas.hu\/wp-content\/uploads\/2022\/05\/IMG_4037-900x600.jpg 900w, https:\/\/sagipetertamas.hu\/wp-content\/uploads\/2022\/05\/IMG_4037-500x333.jpg 500w\" sizes=\"(max-width: 1024px) 100vw, 1024px\" \/><\/figure><\/div>\n\n\n\n<div class=\"wp-block-image\"><figure class=\"aligncenter size-large\"><img loading=\"lazy\" width=\"1024\" height=\"683\" src=\"https:\/\/sagipetertamas.hu\/wp-content\/uploads\/2023\/04\/IMG_4671-1024x683.jpg\" alt=\"\" class=\"wp-image-300\" srcset=\"https:\/\/sagipetertamas.hu\/wp-content\/uploads\/2023\/04\/IMG_4671-1024x683.jpg 1024w, https:\/\/sagipetertamas.hu\/wp-content\/uploads\/2023\/04\/IMG_4671-300x200.jpg 300w, https:\/\/sagipetertamas.hu\/wp-content\/uploads\/2023\/04\/IMG_4671-768x512.jpg 768w, https:\/\/sagipetertamas.hu\/wp-content\/uploads\/2023\/04\/IMG_4671-1536x1024.jpg 1536w, https:\/\/sagipetertamas.hu\/wp-content\/uploads\/2023\/04\/IMG_4671-2048x1366.jpg 2048w, https:\/\/sagipetertamas.hu\/wp-content\/uploads\/2023\/04\/IMG_4671-900x600.jpg 900w, https:\/\/sagipetertamas.hu\/wp-content\/uploads\/2023\/04\/IMG_4671-500x333.jpg 500w\" sizes=\"(max-width: 1024px) 100vw, 1024px\" \/><\/figure><\/div>\n\n\n\n<div class=\"wp-block-image\"><figure class=\"aligncenter size-large\"><img loading=\"lazy\" width=\"1024\" height=\"739\" src=\"https:\/\/sagipetertamas.hu\/wp-content\/uploads\/2022\/04\/IMG_3376-copy-1-1024x739.jpg\" alt=\"\" class=\"wp-image-110\" srcset=\"https:\/\/sagipetertamas.hu\/wp-content\/uploads\/2022\/04\/IMG_3376-copy-1-1024x739.jpg 1024w, https:\/\/sagipetertamas.hu\/wp-content\/uploads\/2022\/04\/IMG_3376-copy-1-300x216.jpg 300w, https:\/\/sagipetertamas.hu\/wp-content\/uploads\/2022\/04\/IMG_3376-copy-1-768x554.jpg 768w, https:\/\/sagipetertamas.hu\/wp-content\/uploads\/2022\/04\/IMG_3376-copy-1-1536x1108.jpg 1536w, https:\/\/sagipetertamas.hu\/wp-content\/uploads\/2022\/04\/IMG_3376-copy-1-2048x1478.jpg 2048w, https:\/\/sagipetertamas.hu\/wp-content\/uploads\/2022\/04\/IMG_3376-copy-1-900x649.jpg 900w, https:\/\/sagipetertamas.hu\/wp-content\/uploads\/2022\/04\/IMG_3376-copy-1-500x361.jpg 500w\" sizes=\"(max-width: 1024px) 100vw, 1024px\" \/><\/figure><\/div>\n\n\n\n<div class=\"wp-block-image\"><figure class=\"aligncenter size-large\"><img loading=\"lazy\" width=\"1024\" height=\"683\" src=\"https:\/\/sagipetertamas.hu\/wp-content\/uploads\/2022\/04\/IMG_0581-2-1024x683.jpg\" alt=\"\" class=\"wp-image-121\" srcset=\"https:\/\/sagipetertamas.hu\/wp-content\/uploads\/2022\/04\/IMG_0581-2-1024x683.jpg 1024w, https:\/\/sagipetertamas.hu\/wp-content\/uploads\/2022\/04\/IMG_0581-2-300x200.jpg 300w, https:\/\/sagipetertamas.hu\/wp-content\/uploads\/2022\/04\/IMG_0581-2-768x512.jpg 768w, https:\/\/sagipetertamas.hu\/wp-content\/uploads\/2022\/04\/IMG_0581-2-1536x1024.jpg 1536w, https:\/\/sagipetertamas.hu\/wp-content\/uploads\/2022\/04\/IMG_0581-2-2048x1365.jpg 2048w, https:\/\/sagipetertamas.hu\/wp-content\/uploads\/2022\/04\/IMG_0581-2-900x600.jpg 900w, https:\/\/sagipetertamas.hu\/wp-content\/uploads\/2022\/04\/IMG_0581-2-500x333.jpg 500w\" sizes=\"(max-width: 1024px) 100vw, 1024px\" \/><\/figure><\/div>\n\n\n\n<div class=\"wp-block-image\"><figure class=\"aligncenter size-large\"><img loading=\"lazy\" width=\"1024\" height=\"576\" src=\"https:\/\/sagipetertamas.hu\/wp-content\/uploads\/2022\/04\/2019-03-21-1024x576.png\" alt=\"\" class=\"wp-image-111\" srcset=\"https:\/\/sagipetertamas.hu\/wp-content\/uploads\/2022\/04\/2019-03-21-1024x576.png 1024w, https:\/\/sagipetertamas.hu\/wp-content\/uploads\/2022\/04\/2019-03-21-300x169.png 300w, https:\/\/sagipetertamas.hu\/wp-content\/uploads\/2022\/04\/2019-03-21-768x432.png 768w, https:\/\/sagipetertamas.hu\/wp-content\/uploads\/2022\/04\/2019-03-21-900x506.png 900w, https:\/\/sagipetertamas.hu\/wp-content\/uploads\/2022\/04\/2019-03-21-500x281.png 500w, https:\/\/sagipetertamas.hu\/wp-content\/uploads\/2022\/04\/2019-03-21.png 1366w\" sizes=\"(max-width: 1024px) 100vw, 1024px\" \/><\/figure><\/div>\n","protected":false},"excerpt":{"rendered":"<p>T\u00e1rgy, gasztro \u00e9s makr\u00f3fot\u00f3k term\u00e9szetes k\u00f6rnyezetben vagy mesters\u00e9ges f\u00e9ny alatt, kontroll\u00e1lt k\u00f6rnyezetben.<\/p>\n","protected":false},"author":1,"featured_media":0,"parent":0,"menu_order":0,"comment_status":"closed","ping_status":"closed","template":"","meta":[],"_links":{"self":[{"href":"https:\/\/sagipetertamas.hu\/index.php?rest_route=\/wp\/v2\/pages\/108"}],"collection":[{"href":"https:\/\/sagipetertamas.hu\/index.php?rest_route=\/wp\/v2\/pages"}],"about":[{"href":"https:\/\/sagipetertamas.hu\/index.php?rest_route=\/wp\/v2\/types\/page"}],"author":[{"embeddable":true,"href":"https:\/\/sagipetertamas.hu\/index.php?rest_route=\/wp\/v2\/users\/1"}],"replies":[{"embeddable":true,"href":"https:\/\/sagipetertamas.hu\/index.php?rest_route=%2Fwp%2Fv2%2Fcomments&post=108"}],"version-history":[{"count":32,"href":"https:\/\/sagipetertamas.hu\/index.php?rest_route=\/wp\/v2\/pages\/108\/revisions"}],"predecessor-version":[{"id":304,"href":"https:\/\/sagipetertamas.hu\/index.php?rest_route=\/wp\/v2\/pages\/108\/revisions\/304"}],"wp:attachment":[{"href":"https:\/\/sagipetertamas.hu\/index.php?rest_route=%2Fwp%2Fv2%2Fmedia&parent=108"}],"curies":[{"name":"wp","href":"https:\/\/api.w.org\/{rel}","templated":true}]}}